{"id":1857,"date":"2024-08-22T20:45:35","date_gmt":"2024-08-22T20:45:35","guid":{"rendered":"https:\/\/air-reconnect.com\/?page_id=1857"},"modified":"2024-08-31T00:37:26","modified_gmt":"2024-08-31T00:37:26","slug":"mantras","status":"publish","type":"page","link":"https:\/\/air-reconnect.com\/fr\/mantras\/","title":{"rendered":"Mantras"},"content":{"rendered":"<div data-elementor-type=\"wp-page\" data-elementor-id=\"1857\" class=\"elementor elementor-1857\" data-elementor-post-type=\"page\">\n\t\t\t\t<div class=\"elementor-element elementor-element-933ce2b e-flex e-con-boxed e-con e-parent\" data-id=\"933ce2b\" data-element_type=\"container\" data-e-type=\"container\">\n\t\t\t\t\t<div class=\"e-con-inner\">\n\t\t\t\t<div class=\"elementor-element elementor-element-d5f0f14 elementor-widget elementor-widget-image\" data-id=\"d5f0f14\" data-element_type=\"widget\" data-e-type=\"widget\" data-widget_type=\"image.default\">\n\t\t\t\t<div class=\"elementor-widget-container\">\n\t\t\t\t\t\t\t\t\t\t\t\t\t\t\t<img fetchpriority=\"high\" decoding=\"async\" width=\"1024\" height=\"682\" src=\"https:\/\/air-reconnect.com\/wp-content\/uploads\/2024\/08\/g623d0792af484dfeea07be22bc00cfb1a027ebf4cbcf39448fa9042759c64b10849b97e6497e815b96ec0a801c7c83c138951b1c1be0c89f48a0f86daa2a6173_1280-5619197-1024x682.jpg\" class=\"attachment-large size-large wp-image-1542\" alt=\"g623d0792af484dfeea07be22bc00cfb1a027ebf4cbcf39448fa9042759c64b10849b97e6497e815b96ec0a801c7c83c138951b1c1be0c89f48a0f86daa2a6173_1280-5619197.jpg\" srcset=\"https:\/\/air-reconnect.com\/wp-content\/uploads\/2024\/08\/g623d0792af484dfeea07be22bc00cfb1a027ebf4cbcf39448fa9042759c64b10849b97e6497e815b96ec0a801c7c83c138951b1c1be0c89f48a0f86daa2a6173_1280-5619197-1024x682.jpg 1024w, https:\/\/air-reconnect.com\/wp-content\/uploads\/2024\/08\/g623d0792af484dfeea07be22bc00cfb1a027ebf4cbcf39448fa9042759c64b10849b97e6497e815b96ec0a801c7c83c138951b1c1be0c89f48a0f86daa2a6173_1280-5619197-300x200.jpg 300w, https:\/\/air-reconnect.com\/wp-content\/uploads\/2024\/08\/g623d0792af484dfeea07be22bc00cfb1a027ebf4cbcf39448fa9042759c64b10849b97e6497e815b96ec0a801c7c83c138951b1c1be0c89f48a0f86daa2a6173_1280-5619197-768x512.jpg 768w, https:\/\/air-reconnect.com\/wp-content\/uploads\/2024\/08\/g623d0792af484dfeea07be22bc00cfb1a027ebf4cbcf39448fa9042759c64b10849b97e6497e815b96ec0a801c7c83c138951b1c1be0c89f48a0f86daa2a6173_1280-5619197-600x400.jpg 600w, https:\/\/air-reconnect.com\/wp-content\/uploads\/2024\/08\/g623d0792af484dfeea07be22bc00cfb1a027ebf4cbcf39448fa9042759c64b10849b97e6497e815b96ec0a801c7c83c138951b1c1be0c89f48a0f86daa2a6173_1280-5619197.jpg 1280w\" sizes=\"(max-width: 1024px) 100vw, 1024px\" \/>\t\t\t\t\t\t\t\t\t\t\t\t\t\t\t<\/div>\n\t\t\t\t<\/div>\n\t\t\t\t\t<\/div>\n\t\t\t\t<\/div>\n\t\t<div class=\"elementor-element elementor-element-d64ed15 e-flex e-con-boxed e-con e-parent\" data-id=\"d64ed15\" data-element_type=\"container\" data-e-type=\"container\">\n\t\t\t\t\t<div class=\"e-con-inner\">\n\t\t\t\t<div class=\"elementor-element elementor-element-bbc8e05 elementor-widget elementor-widget-heading\" data-id=\"bbc8e05\" data-element_type=\"widget\" data-e-type=\"widget\" data-widget_type=\"heading.default\">\n\t\t\t\t<div class=\"elementor-widget-container\">\n\t\t\t\t\t<h2 class=\"elementor-heading-title elementor-size-default\"><a href=\"https:\/\/air-reconnect.com\/fr\/les-mantras\/\"><h2 data-elementor-setting-key=\"title\" data-pen-placeholder=\"Type Here...\" style=\"font-size: 22px;font-style: normal;, sans-serif\"><u><i><span style=\"font-weight: 700\">Cliquez pour le fran\u00e7ais<\/span><\/i><\/u><\/h2><\/a><\/h2>\t\t\t\t<\/div>\n\t\t\t\t<\/div>\n\t\t\t\t<div class=\"elementor-element elementor-element-87ada3f elementor-widget elementor-widget-heading\" data-id=\"87ada3f\" data-element_type=\"widget\" data-e-type=\"widget\" data-widget_type=\"heading.default\">\n\t\t\t\t<div class=\"elementor-widget-container\">\n\t\t\t\t\t<h2 class=\"elementor-heading-title elementor-size-default\">Qu'est-ce que les mantras ?<\/h2>\t\t\t\t<\/div>\n\t\t\t\t<\/div>\n\t\t\t\t\t<\/div>\n\t\t\t\t<\/div>\n\t\t<div class=\"elementor-element elementor-element-f8def6f e-flex e-con-boxed e-con e-parent\" data-id=\"f8def6f\" data-element_type=\"container\" data-e-type=\"container\">\n\t\t\t\t\t<div class=\"e-con-inner\">\n\t\t\t\t<div class=\"elementor-element elementor-element-7bd02d0 elementor-widget elementor-widget-text-editor\" data-id=\"7bd02d0\" data-element_type=\"widget\" data-e-type=\"widget\" data-widget_type=\"text-editor.default\">\n\t\t\t\t<div class=\"elementor-widget-container\">\n\t\t\t\t\t\t\t\t\t<p>Les mantras sont des sons, des syllabes ou des phrases sacr\u00e9es qui sont utilis\u00e9s depuis des milliers d\u2019ann\u00e9es dans les pratiques spirituelles, en particulier dans les traditions de l\u2019Inde ancienne. Le mot \u00ab mantra \u00bb est d\u00e9riv\u00e9 de deux mots sanskrits : \u00ab manas \u00bb, qui signifie esprit, et \u201ctra\u201d, qui signifie outil ou instrument. Les mantras sont donc consid\u00e9r\u00e9s comme des outils de l\u2019esprit, con\u00e7us pour focaliser la conscience et favoriser l\u2019\u00e9veil spirituel. Dans la tradition v\u00e9dique, qui constitue le fondement de l\u2019Ayurveda, les mantras ont \u00e9t\u00e9 r\u00e9v\u00e9l\u00e9s pour la premi\u00e8re fois aux anciens sages (rishis) au cours d\u2019\u00e9tats m\u00e9ditatifs profonds. Ces sons sacr\u00e9s \u00e9taient consid\u00e9r\u00e9s comme porteurs d\u2019une profonde \u00e9nergie spirituelle, capable d\u2019influencer les aspects physiques, \u00e9motionnels et spirituels d\u2019un individu.<\/p><p>Le chant des mantras fait depuis longtemps partie int\u00e9grante de l\u2019Ayurveda et de la spiritualit\u00e9 indienne. La r\u00e9p\u00e9tition rythmique de ces sons sacr\u00e9s est cens\u00e9e harmoniser l\u2019esprit et le corps, favorisant la gu\u00e9rison et le bien-\u00eatre. Historiquement, les mantras \u00e9taient chant\u00e9s pendant les rituels, la m\u00e9ditation et les pratiques de gu\u00e9rison afin d\u2019invoquer les \u00e9nergies divines et d\u2019aligner la conscience du praticien sur des \u00e9tats de conscience sup\u00e9rieurs. Dans l\u2019Ayurveda, des mantras sp\u00e9cifiques sont utilis\u00e9s pour \u00e9quilibrer les doshas (\u00e9nergies biologiques) et promouvoir la sant\u00e9 globale. La tradition des mantras s\u2019est perp\u00e9tu\u00e9e \u00e0 travers les \u00e2ges, non seulement en tant que pratique spirituelle, mais aussi en tant qu\u2019outil th\u00e9rapeutique dans les pratiques modernes de sant\u00e9 holistique.<\/p>\t\t\t\t\t\t\t\t<\/div>\n\t\t\t\t<\/div>\n\t\t\t\t\t<\/div>\n\t\t\t\t<\/div>\n\t\t<div class=\"elementor-element elementor-element-8644c57 e-grid e-con-boxed e-con e-parent\" data-id=\"8644c57\" data-element_type=\"container\" data-e-type=\"container\">\n\t\t\t\t\t<div class=\"e-con-inner\">\n\t\t\t\t<div class=\"elementor-element elementor-element-7036b0f elementor-widget elementor-widget-image\" data-id=\"7036b0f\" data-element_type=\"widget\" data-e-type=\"widget\" data-widget_type=\"image.default\">\n\t\t\t\t<div class=\"elementor-widget-container\">\n\t\t\t\t\t\t\t\t\t\t\t\t\t\t\t<img decoding=\"async\" width=\"683\" height=\"1024\" src=\"https:\/\/air-reconnect.com\/wp-content\/uploads\/2024\/08\/pexels-photo-8752654-8752654-683x1024.jpg\" class=\"attachment-large size-large wp-image-1890\" alt=\"pexels-photo-8752654-8752654.jpg\" srcset=\"https:\/\/air-reconnect.com\/wp-content\/uploads\/2024\/08\/pexels-photo-8752654-8752654-683x1024.jpg 683w, https:\/\/air-reconnect.com\/wp-content\/uploads\/2024\/08\/pexels-photo-8752654-8752654-200x300.jpg 200w, https:\/\/air-reconnect.com\/wp-content\/uploads\/2024\/08\/pexels-photo-8752654-8752654-600x900.jpg 600w, https:\/\/air-reconnect.com\/wp-content\/uploads\/2024\/08\/pexels-photo-8752654-8752654.jpg 700w\" sizes=\"(max-width: 683px) 100vw, 683px\" \/>\t\t\t\t\t\t\t\t\t\t\t\t\t\t\t<\/div>\n\t\t\t\t<\/div>\n\t\t\t\t<div class=\"elementor-element elementor-element-99fac18 elementor-widget elementor-widget-image\" data-id=\"99fac18\" data-element_type=\"widget\" data-e-type=\"widget\" data-widget_type=\"image.default\">\n\t\t\t\t<div class=\"elementor-widget-container\">\n\t\t\t\t\t\t\t\t\t\t\t\t\t\t\t<img decoding=\"async\" width=\"683\" height=\"1024\" src=\"https:\/\/air-reconnect.com\/wp-content\/uploads\/2024\/08\/199A6529-1-scaled.jpg\" class=\"attachment-large size-large wp-image-1538\" alt=\"\" srcset=\"https:\/\/air-reconnect.com\/wp-content\/uploads\/2024\/08\/199A6529-1-scaled.jpg 1707w, https:\/\/air-reconnect.com\/wp-content\/uploads\/2024\/08\/199A6529-1-200x300.jpg 200w\" sizes=\"(max-width: 683px) 100vw, 683px\" \/>\t\t\t\t\t\t\t\t\t\t\t\t\t\t\t<\/div>\n\t\t\t\t<\/div>\n\t\t\t\t\t<\/div>\n\t\t\t\t<\/div>\n\t\t<div class=\"elementor-element elementor-element-1e65e37 e-grid e-con-boxed e-con e-parent\" data-id=\"1e65e37\" data-element_type=\"container\" data-e-type=\"container\">\n\t\t\t\t\t<div class=\"e-con-inner\">\n\t\t\t\t<div class=\"elementor-element elementor-element-7222c30 elementor-widget elementor-widget-heading\" data-id=\"7222c30\" data-element_type=\"widget\" data-e-type=\"widget\" data-widget_type=\"heading.default\">\n\t\t\t\t<div class=\"elementor-widget-container\">\n\t\t\t\t\t<h2 class=\"elementor-heading-title elementor-size-default\"><h2 class=\"elementor-heading-title elementor-size-default elementor-inline-editing pen\" data-elementor-setting-key=\"title\" data-pen-placeholder=\"Type Here...\" style=\"font-size: 38px;font-style: normal;font-family: Agbalumo, sans-serif\">A propos de Mayoori<\/h2><\/h2>\t\t\t\t<\/div>\n\t\t\t\t<\/div>\n\t\t\t\t<div class=\"elementor-element elementor-element-b2cd69a elementor-widget elementor-widget-text-editor\" data-id=\"b2cd69a\" data-element_type=\"widget\" data-e-type=\"widget\" data-widget_type=\"text-editor.default\">\n\t\t\t\t<div class=\"elementor-widget-container\">\n\t\t\t\t\t\t\t\t\t<p>Mayoori est une\u00a0<b>mystique du mantra et une gu\u00e9risseuse\u00a0<\/b> ; une alchimiste de l\u2019\u00e9nergie avec plus de 25 ans de pratiques de gu\u00e9rison sanskrit et de m\u00e9ditation. Elle a influenc\u00e9 plus de 5k+ personnes dans le monde avec une combinaison de cours, d\u2019ateliers et de retraites. Elle est la fondatrice d\u2019une entreprise offrant des services pour la <em>Voix des Mantras \u2013<\/em>un outil de gu\u00e9rison qui utilise les sons anciens du Sanskrit.<\/p><p>Mayoori est sur la voie des pratiques spirituelles depuis sa naissance, puisqu\u2019elle est n\u00e9e dans un foyer de praticiens. Elle a re\u00e7u une formation classique en musique hindoustani et en danse \u00ab Kathak \u00bb et a cr\u00e9\u00e9 un module de danse \u00e9nerg\u00e9tique, la \u00ab Mantra Dance \u00bb. Elle a servi et appris la gu\u00e9rison \u00e9nerg\u00e9tique aupr\u00e8s d\u2019un ma\u00eetre de renomm\u00e9e internationale pendant plus de 7 ans.<\/p><p>Elle est certifi\u00e9e en coaching A2B, Reiki, Pranic Healing, Crystal Healing, Sacred dance et plusieurs autres modalit\u00e9s de gu\u00e9rison. Elle a pass\u00e9 du temps dans des ashrams depuis sa plus tendre enfance et sa pratique est influenc\u00e9e par le Sri Ramakrishna Math et le Sri Yogananda Paramhams. <em>Sri Ramakrishna Math, Sri Yogananda Paramhams<\/em> in her practices.\u00a0\u00a0<br \/>Mayoori est titulaire d\u2019une ma\u00eetrise en communication de masse, d\u2019une licence en sanskrit, en journalisme et en \u00e9tudes f\u00e9minines. Elle a travaill\u00e9 pour de grandes agences de publicit\u00e9 internationales et a quitt\u00e9 son poste en tant que vice-pr\u00e9sidente d\u2019une c\u00e9l\u00e8bre soci\u00e9t\u00e9 de publicit\u00e9.<\/p><p>Elle propose des cours en ligne et bien d\u2019autres choses encore sur son site. Si vous souhaitez entrer en contact avec Mayoori pour des mantras, des chants ou d\u2019autres cours, n\u2019h\u00e9sitez pas \u00e0 nous contacter \u2013 nous nous ferons un plaisir de vous communiquer ses coordonn\u00e9es.\u00a0<span style=\"text-align: var(--text-align); background-color: var(--ast-global-color-4); color: var(--ast-global-color-1); font-size: 1rem;\">If you\u2019re interested in connecting with Mayoori for mantras, chanting or more courses, please reach out to us\u2014we\u2019d be happy to provide her contact details.<\/span><\/p>\t\t\t\t\t\t\t\t<\/div>\n\t\t\t\t<\/div>\n\t\t\t\t\t<\/div>\n\t\t\t\t<\/div>\n\t\t\t\t<\/div>","protected":false},"excerpt":{"rendered":"<p>Cliquez pour le fran\u00e7ais What are mantras ? Mantras are sacred sounds, syllables, or phrases that have been used for thousands of years in spiritual practices, particularly within the traditions of ancient India. The word &#8220;mantra&#8221; is derived from two Sanskrit words: &#8220;manas,&#8221; meaning mind, and &#8220;tra,&#8221; meaning tool or instrument. Thus, mantras are considered [&hellip;]<\/p>\n","protected":false},"author":1,"featured_media":0,"parent":0,"menu_order":0,"comment_status":"closed","ping_status":"closed","template":"","meta":{"_acf_changed":false,"nf_dc_page":"","site-sidebar-layout":"no-sidebar","site-content-layout":"page-builder","ast-site-content-layout":"full-width-container","site-content-style":"default","site-sidebar-style":"default","ast-global-header-display":"","ast-banner-title-visibility":"","ast-main-header-display":"","ast-hfb-above-header-display":"","ast-hfb-below-header-display":"","ast-hfb-mobile-header-display":"","site-post-title":"disabled","ast-breadcrumbs-content":"","ast-featured-img":"disabled","footer-sml-layout":"","ast-disable-related-posts":"","theme-transparent-header-meta":"","adv-header-id-meta":"","stick-header-meta":"","header-above-stick-meta":"","header-main-stick-meta":"","header-below-stick-meta":"","astra-migrate-meta-layouts":"set","ast-page-background-enabled":"default","ast-page-background-meta":{"desktop":{"background-color":"","background-image":"","background-repeat":"repeat","background-position":"center center","background-size":"auto","background-attachment":"scroll","background-type":"","background-media":"","overlay-type":"","overlay-color":"","overlay-opacity":"","overlay-gradient":""},"tablet":{"background-color":"","background-image":"","background-repeat":"repeat","background-position":"center center","background-size":"auto","background-attachment":"scroll","background-type":"","background-media":"","overlay-type":"","overlay-color":"","overlay-opacity":"","overlay-gradient":""},"mobile":{"background-color":"","background-image":"","background-repeat":"repeat","background-position":"center center","background-size":"auto","background-attachment":"scroll","background-type":"","background-media":"","overlay-type":"","overlay-color":"","overlay-opacity":"","overlay-gradient":""}},"ast-content-background-meta":{"desktop":{"background-color":"var(--ast-global-color-5)","background-image":"","background-repeat":"repeat","background-position":"center center","background-size":"auto","background-attachment":"scroll","background-type":"","background-media":"","overlay-type":"","overlay-color":"","overlay-opacity":"","overlay-gradient":""},"tablet":{"background-color":"var(--ast-global-color-5)","background-image":"","background-repeat":"repeat","background-position":"center center","background-size":"auto","background-attachment":"scroll","background-type":"","background-media":"","overlay-type":"","overlay-color":"","overlay-opacity":"","overlay-gradient":""},"mobile":{"background-color":"var(--ast-global-color-5)","background-image":"","background-repeat":"repeat","background-position":"center center","background-size":"auto","background-attachment":"scroll","background-type":"","background-media":"","overlay-type":"","overlay-color":"","overlay-opacity":"","overlay-gradient":""}},"footnotes":""},"class_list":["post-1857","page","type-page","status-publish","hentry"],"acf":[],"_links":{"self":[{"href":"https:\/\/air-reconnect.com\/fr\/wp-json\/wp\/v2\/pages\/1857","targetHints":{"allow":["GET"]}}],"collection":[{"href":"https:\/\/air-reconnect.com\/fr\/wp-json\/wp\/v2\/pages"}],"about":[{"href":"https:\/\/air-reconnect.com\/fr\/wp-json\/wp\/v2\/types\/page"}],"author":[{"embeddable":true,"href":"https:\/\/air-reconnect.com\/fr\/wp-json\/wp\/v2\/users\/1"}],"replies":[{"embeddable":true,"href":"https:\/\/air-reconnect.com\/fr\/wp-json\/wp\/v2\/comments?post=1857"}],"version-history":[{"count":5,"href":"https:\/\/air-reconnect.com\/fr\/wp-json\/wp\/v2\/pages\/1857\/revisions"}],"predecessor-version":[{"id":2196,"href":"https:\/\/air-reconnect.com\/fr\/wp-json\/wp\/v2\/pages\/1857\/revisions\/2196"}],"wp:attachment":[{"href":"https:\/\/air-reconnect.com\/fr\/wp-json\/wp\/v2\/media?parent=1857"}],"curies":[{"name":"wp","href":"https:\/\/api.w.org\/{rel}","templated":true}]}}